{"id":10,"date":"2025-07-15T14:18:04","date_gmt":"2025-07-15T12:18:04","guid":{"rendered":"http:\/\/hydriia.test\/?page_id=10"},"modified":"2025-11-12T18:22:07","modified_gmt":"2025-11-12T17:22:07","slug":"accueil","status":"publish","type":"page","link":"https:\/\/hydriia.com\/en\/","title":{"rendered":"Home"},"content":{"rendered":"<div class=\"wp-block-columns is-layout-flex wp-container-core-columns-is-layout-9d6595d7 wp-block-columns-is-layout-flex\">\n<div class=\"wp-block-column is-layout-flow wp-block-column-is-layout-flow\">\n<div style=\"margin: 1em 0; position: relative; padding-bottom: 3em;\">\n  <h4 style=\"border-left: 6px solid #5196D1; padding-left: 10px; margin-bottom: 0.5em; color: #5196D1;\">\n    Who we are\n  <\/h4>\n  <h2>\n    A forward-looking company dedicated to your success.\n  <\/h2>\n  <p>\n    In 2025, all of Ellipse Digital's activities in the water sector will be transferred to Hydriia.\n  <\/p>\n  <p>\n  We remain at your side with the same teams, the same commitment to quality and greater ambition.\n  <\/p>\n\n  <div style=\"position: absolute; bottom: 0; right: 0;\">\n    <a href=\"\/en\/qui-somme-nous\/#decouverte\" style=\"background-color: #5196D1; color: white; padding: 0.6em 1.2em; text-decoration: none; border-radius: 4px; font-weight: bold;\">\n      Find out more\n    <\/a>\n  <\/div>\n<\/div>\n<\/div>\n\n\n\n<div class=\"wp-block-column is-layout-flow wp-block-column-is-layout-flow\">\n<div style=\"display: flex; flex-wrap: wrap; justify-content: space-between; max-width: 1200px; margin: 0 auto; padding-top:50px\">\n\n  <!-- Carte 1 : D\u00e9grad\u00e9 Bleu -> Vert -->\n  <div style=\"flex: 0 1 calc(50% - 20px); margin-bottom: 30px; padding: 30px; text-align: center; background: white; color: #333; box-shadow: -10px 0 20px rgba(0,0,0,0.05), 10px 0 20px rgba(0,0,0,0.05);\">\n    \n    <h1 style=\"margin-bottom: 15px;color: #5196D1;font-size: 48px\"><strong>+20<\/strong><\/h1>\n<h3 style=\"margin-bottom: 15px;color: #5196D1;\">Years of experience<\/h3>\n    <p style=\"margin-bottom: 10px;\">\n      two decades of expertise at the service of innovation ...\n    <\/p>\n  <\/div>\n\n  <!-- Carte 2 : D\u00e9grad\u00e9 Bleu -> Vert -->\n  <div style=\"flex: 0 1 calc(50% - 20px); margin-bottom: 30px; padding: 30px; text-align: center; background: white; color: #333; box-shadow: -10px 0 20px rgba(0,0,0,0.05), 10px 0 20px rgba(0,0,0,0.05);\">\n    \n    <h1 style=\"margin-bottom: 15px;color: #5196D1;font-size: 48px\"><strong>+15<\/strong><\/h1>\n<h3 style=\"margin-bottom: 15px;color: #5196D1;\">months of R&amp;D<\/h3>\n    <p style=\"margin-bottom: 10px;\">\n      dedicated to a non-revenue water management platform and already a bright future ...\n    <\/p>\n  <\/div>\n<\/div>\n<\/div>\n<\/div>\n\n\n\n<div class=\"wp-block-columns is-layout-flex wp-container-core-columns-is-layout-9d6595d7 wp-block-columns-is-layout-flex\">\n<div class=\"wp-block-column is-layout-flow wp-block-column-is-layout-flow\">\n<div style=\"position: relative;width: 100%;max-width: 100%;overflow: hidden\">\n  <img decoding=\"async\" src=\"\/wp-content\/uploads\/2025\/07\/pont-eau-scaled.png\" alt=\"Banni\u00e8re\" style=\"width: 100%;height: auto\">\n\n  <div style=\"position: absolute;top: 25%;color: white;font-size: 1.7em;text-align: center;padding:15px;background-color: rgba(30, 30, 30, 0.7);\">\n    Since ancient times, human societies have developed ingenious systems for managing water. Hydriia is part of this tradition: carrying water, preserving it and distributing it intelligently.\n  <\/div>\n<\/div>\n<\/div>\n<\/div>\n\n\n\n<div class=\"wp-block-columns is-layout-flex wp-container-core-columns-is-layout-9d6595d7 wp-block-columns-is-layout-flex\">\n<div class=\"wp-block-column is-layout-flow wp-block-column-is-layout-flow\">\n<br><br>\n<div style=\"flex: 1; display: flex; justify-content: center; align-items: center;padding-top:0px;\">\n    <img decoding=\"async\" src=\"\/wp-content\/uploads\/2025\/07\/srw360.png\" alt=\"Image centr\u00e9e\" style=\"max-width: 80%; height: auto;\">\n  <\/div>\n<\/div>\n\n\n\n<div class=\"wp-block-column is-layout-flow wp-block-column-is-layout-flow\">\n<div style=\"margin: 1em 0; position: relative; padding-bottom: 3em;\">\n  <h4 style=\"border-left: 6px solid #5196D1; padding-left: 10px; margin-bottom: 0.5em; color: #5196D1;\">\n    SRW360\u00b0\n  <\/h4>\n  <h2>\n    The platform at the service of water\n  <\/h2>\n  <p>\nIt makes it possible to monitor, predict and optimise the use of water, from the network to users. Behind the name lies a simple promise: to help water stakeholders regain control, so that water flows become a resource, not a loss.\n  <\/p>\n<p>\nSRW360\u00b0, the platform for water efficiency - optimising resources, minimising losses, improving billing.\n<\/p>\n\n  <div style=\"position: absolute; bottom: 0; right: 0;\">\n    <a href=\"\/en\/nos-offres\/#srw360\" style=\"background-color: #5196D1; color: white; padding: 0.6em 1.2em; text-decoration: none; border-radius: 4px; font-weight: bold;\">\n      Discover ...\n    <\/a>\n  <\/div>\n<\/div>\n<\/div>\n<\/div>\n\n\n\n<div class=\"wp-block-columns is-layout-flex wp-container-core-columns-is-layout-9d6595d7 wp-block-columns-is-layout-flex\">\n<div class=\"wp-block-column is-layout-flow wp-block-column-is-layout-flow\">\n<div style=\"margin: 1em 0; position: relative; padding-bottom: 3em;\">\n  <h4 style=\"border-left: 6px solid #5196D1; padding-left: 10px; margin-bottom: 0.5em; color: #5196D1;\">\n    News\n  <\/h4>\n  <h2>\n    Communications\n  <\/h2>\n<\/div>\n\n\n<div class=\"grille-articles\">        <div class=\"article-bloc\">\n                            <div class=\"article-image\">\n                    <img loading=\"lazy\" decoding=\"async\" width=\"768\" height=\"576\" src=\"https:\/\/hydriia.com\/wp-content\/uploads\/2025\/10\/VILLE-DE-DEMAIN-TEAM-1-768x576.jpg\" class=\"attachment-medium_large size-medium_large wp-post-image\" alt=\"\" srcset=\"https:\/\/hydriia.com\/wp-content\/uploads\/2025\/10\/VILLE-DE-DEMAIN-TEAM-1-768x576.jpg 768w, https:\/\/hydriia.com\/wp-content\/uploads\/2025\/10\/VILLE-DE-DEMAIN-TEAM-1-300x225.jpg 300w, https:\/\/hydriia.com\/wp-content\/uploads\/2025\/10\/VILLE-DE-DEMAIN-TEAM-1-1024x768.jpg 1024w, https:\/\/hydriia.com\/wp-content\/uploads\/2025\/10\/VILLE-DE-DEMAIN-TEAM-1-1536x1152.jpg 1536w, https:\/\/hydriia.com\/wp-content\/uploads\/2025\/10\/VILLE-DE-DEMAIN-TEAM-1-16x12.jpg 16w, https:\/\/hydriia.com\/wp-content\/uploads\/2025\/10\/VILLE-DE-DEMAIN-TEAM-1.jpg 1650w\" sizes=\"auto, (max-width: 768px) 100vw, 768px\" \/>                <\/div>\n            \n            <div class=\"article-contenu\">\n                <h2>Ville de Demain<\/h2>\n\n                <p class=\"article-categorie\">Cat\u00e9gorie : post linkedin<\/p>\n                <p class=\"article-auteur\">Par Hydriia<\/p>\n                <p class=\"article-extrait\"><p>Ville de Demain est le programme d&rsquo;innovationurbaine de STATION F. Nous rassemblons lesacteurs de r\u00e9f\u00e9rence et les startups les plusprometteuses qui imaginent et construisent lesterritoires&hellip;<\/p>\n<\/p>\n\n                <div class=\"article-bouton\">\n                    <a href=\"https:\/\/hydriia.com\/en\/2025\/07\/18\/article-3\/\">D\u00e9tail<\/a>\n                <\/div>\n            <\/div>\n        <\/div>\n    <\/div>\n    <style>\n    .grille-articles {\n        display: flex;\n        flex-wrap: wrap;\n        gap: 2rem;\n        justify-content: center;\n    }\n    .article-bloc {\n        flex: 1 1 calc(33.333% - 2rem);\n        background: white;\n        padding: 30px;\n        border-radius: 16px;\n        box-shadow: -10px 0 20px rgba(0,0,0,0.05), 10px 0 20px rgba(0,0,0,0.05);\n        display: flex;\n        flex-direction: column;\n        transition: transform 0.3s;\n    }\n    .article-bloc:hover {\n        transform: translateY(-5px);\n    }\n    .article-image img {\n        width: 100%;\n        height: auto;\n        display: block;\n        border-radius: 8px;\n    }\n    .article-contenu {\n        padding-top: 1.2rem;\n        display: flex;\n        flex-direction: column;\n        flex-grow: 1;\n    }\n    .article-categorie, .article-auteur {\n        font-size: 0.9em;\n        color: #666;\n        margin: 0 0 0.75em;\n    }\n    .article-auteur {\n        color: #5196D1;\n        font-weight: bold;\n    }\n    .article-extrait {\n        flex-grow: 1;\n        margin-bottom: 1em;\n    }\n    .article-bouton {\n        text-align: right;\n    }\n    .article-bouton a {\n        background-color: #5196D1;\n        color: white;\n        padding: 8px 14px;\n        border-radius: 6px;\n        text-decoration: none;\n        font-size: 0.9em;\n    }\n\n    .pagination-articles {\n        margin-top: 30px;\n        text-align: center;\n    }\n    .pagination-articles ul {\n        list-style: none;\n        padding: 0;\n        display: inline-flex;\n        gap: 0.5rem;\n    }\n    .pagination-articles li {\n        display: inline;\n    }\n    .pagination-articles a,\n    .pagination-articles span {\n        display: inline-block;\n        padding: 8px 12px;\n        border: 1px solid #ccc;\n        border-radius: 4px;\n        text-decoration: none;\n        color: #0073aa;\n    }\n    .pagination-articles .current {\n        background-color: #0073aa;\n        color: white;\n        font-weight: bold;\n    }\n\n    @media screen and (max-width: 900px) {\n        .article-bloc {\n            flex: 1 1 calc(50% - 2rem);\n        }\n    }\n    @media screen and (max-width: 600px) {\n        .article-bloc {\n            flex: 1 1 100%;\n        }\n    }\n    <\/style>\n<\/div>\n<\/div>\n\n\n\n<div class=\"wp-block-columns is-layout-flex wp-container-core-columns-is-layout-9d6595d7 wp-block-columns-is-layout-flex\">\n<div class=\"wp-block-column is-layout-flow wp-block-column-is-layout-flow\">\n<div style=\"margin: 1em 0; position: relative; padding-bottom: 3em;\">\n  <h4 style=\"border-left: 6px solid #5196D1; padding-left: 10px; margin-bottom: 0.5em; color: #5196D1;\">\n    They are with us\n  <\/h4>\n  <h2>\n    Innovation &amp; strategic partners\n  <\/h2>\n    <div style=\"display: flex; gap: 20px; justify-content: center; align-items: center; flex-wrap: wrap; padding: 20px;\">\n        <img decoding=\"async\" src=\"\/wp-content\/uploads\/2025\/07\/ellipse_projects.png\" alt=\"Ellipse projects\" style=\"height: 80px; box-shadow: -4px 0 8px -2px rgba(0, 0, 0, 0.2), 4px 0 8px -2px rgba(0, 0, 0, 0.2); padding: 10px; background: white;\">\n    \n        <img decoding=\"async\" src=\"\/wp-content\/uploads\/2025\/07\/esri.png\" alt=\"ESRI\" style=\"height: 80px; box-shadow: -4px 0 8px -2px rgba(0, 0, 0, 0.2), 4px 0 8px -2px rgba(0, 0, 0, 0.2); padding: 10px; background: white;\">\n    \n        <img decoding=\"async\" src=\"\/wp-content\/uploads\/2025\/07\/ovh.png\" alt=\"ovh\" style=\"height: 80px; box-shadow: -4px 0 8px -2px rgba(0, 0, 0, 0.2), 4px 0 8px -2px rgba(0, 0, 0, 0.2); padding: 10px; background: white;\">\n        \n        <img decoding=\"async\" src=\"\/wp-content\/uploads\/2025\/07\/azure.png\" alt=\"azure\" style=\"height: 80px; box-shadow: -4px 0 8px -2px rgba(0, 0, 0, 0.2), 4px 0 8px -2px rgba(0, 0, 0, 0.2); padding: 10px; background: white;\">\n\n        <img decoding=\"async\" src=\"\/wp-content\/uploads\/2025\/07\/nogema.png\" alt=\"nogema\" style=\"height: 80px; box-shadow: -4px 0 8px -2px rgba(0, 0, 0, 0.2), 4px 0 8px -2px rgba(0, 0, 0, 0.2); padding: 10px; background: white;\">\n\n<img decoding=\"async\" src=\"\/wp-content\/uploads\/2025\/10\/Ville-de-Demain_logo-bleu.png\" alt=\"nogema\" style=\"height: 80px; box-shadow: -4px 0 8px -2px rgba(0, 0, 0, 0.2), 4px 0 8px -2px rgba(0, 0, 0, 0.2); padding: 10px; background: white;\">\n\n<img decoding=\"async\" src=\"\/wp-content\/uploads\/2025\/10\/nueum.png\" alt=\"numeum\" style=\"height: 80px; box-shadow: -4px 0 8px -2px rgba(0, 0, 0, 0.2), 4px 0 8px -2px rgba(0, 0, 0, 0.2); padding: 10px; background: white;\">\n\n<img decoding=\"async\" src=\"\/wp-content\/uploads\/2025\/11\/mobiblanc.png\" alt=\"mobiblanc\" style=\"height: 80px; box-shadow: -4px 0 8px -2px rgba(0, 0, 0, 0.2), 4px 0 8px -2px rgba(0, 0, 0, 0.2); padding: 10px; background: white;\">\n\n    <\/div>\n<\/div>\n<\/div>\n<\/div>","protected":false},"excerpt":{"rendered":"<p>Qui sommes-nous Une entreprise tourn\u00e9e vers l&rsquo;avenir qui se consacre \u00e0 votre r\u00e9ussite. En 2025, l&rsquo;ensemble des activit\u00e9s d&rsquo;Ellipse Digital dans le domaine de l&rsquo;eau&hellip;<\/p>","protected":false},"author":1,"featured_media":23,"parent":0,"menu_order":0,"comment_status":"closed","ping_status":"closed","template":"","meta":{"footnotes":""},"class_list":["post-10","page","type-page","status-publish","has-post-thumbnail","hentry"],"_links":{"self":[{"href":"https:\/\/hydriia.com\/en\/wp-json\/wp\/v2\/pages\/10","targetHints":{"allow":["GET"]}}],"collection":[{"href":"https:\/\/hydriia.com\/en\/wp-json\/wp\/v2\/pages"}],"about":[{"href":"https:\/\/hydriia.com\/en\/wp-json\/wp\/v2\/types\/page"}],"author":[{"embeddable":true,"href":"https:\/\/hydriia.com\/en\/wp-json\/wp\/v2\/users\/1"}],"replies":[{"embeddable":true,"href":"https:\/\/hydriia.com\/en\/wp-json\/wp\/v2\/comments?post=10"}],"version-history":[{"count":0,"href":"https:\/\/hydriia.com\/en\/wp-json\/wp\/v2\/pages\/10\/revisions"}],"wp:featuredmedia":[{"embeddable":true,"href":"https:\/\/hydriia.com\/en\/wp-json\/wp\/v2\/media\/23"}],"wp:attachment":[{"href":"https:\/\/hydriia.com\/en\/wp-json\/wp\/v2\/media?parent=10"}],"curies":[{"name":"wp","href":"https:\/\/api.w.org\/{rel}","templated":true}]}}