{"id":2,"date":"2025-07-15T14:03:21","date_gmt":"2025-07-15T12:03:21","guid":{"rendered":"http:\/\/hydriia.test\/?page_id=2"},"modified":"2025-08-01T15:23:18","modified_gmt":"2025-08-01T13:23:18","slug":"nos-offres","status":"publish","type":"page","link":"https:\/\/hydriia.com\/en\/nos-offres\/","title":{"rendered":"Our offers"},"content":{"rendered":"<h2 class=\"wp-block-heading\"><\/h2>\n\n\n\n<div class=\"wp-block-columns is-layout-flex wp-container-core-columns-is-layout-9d6595d7 wp-block-columns-is-layout-flex\">\n<div class=\"wp-block-column is-layout-flow wp-block-column-is-layout-flow\">\n<br>\n<div style=\"flex: 1; display: flex; justify-content: center; align-items: center;padding-top:0px;\">\n    <img decoding=\"async\" src=\"\/wp-content\/uploads\/2025\/07\/conseil.png\" alt=\"Image centr\u00e9e\" style=\"max-width: 80%; height: auto;\">\n  <\/div>\n<\/div>\n\n\n\n<div class=\"wp-block-column is-layout-flow wp-block-column-is-layout-flow\">\n<br>\n<div style=\"margin: 1em 0;\">\n  <h4 style=\"border-left: 6px solid #5196D1; padding-left: 10px; margin-bottom: 0.5em; color: #5196D1\">\n    Consulting\n  <\/h4>\n  <h2 id=\"conseil\">\nPersonalised support\n  <\/h2>\n<p>\nOur experts - in-house and partners - are mobilised to offer you a full range of consultancy services in the water sector\n<ul>\n  <li>Diagnosis and optimisation of water networks<\/li>\n<li>Strategic advice on the water value chain<\/li>\n<li>Support for digital transformation<\/li>\n<li>Data governance and dashboards<\/li>\n<li>Integration and interoperability of business solutions<\/li>\n<\/ul>\n<\/p>\n<\/div>\n<\/div>\n<\/div>\n\n\n\n<div class=\"wp-block-columns is-layout-flex wp-container-core-columns-is-layout-9d6595d7 wp-block-columns-is-layout-flex\">\n<div class=\"wp-block-column is-layout-flow wp-block-column-is-layout-flow\">\n<style>\n  .cartes-container {\n    display: flex;\n    flex-wrap: wrap;\n    justify-content: space-between;\n    max-width: 1200px;\n    margin: 0 auto;\n  }\n  .carte {\n    flex: 0 1 calc(33.33% - 20px);\n    margin-bottom: 30px;\n    padding: 30px;\n    text-align: center;\n    background: white;\n    color: #333;\n    box-shadow: -10px 0 20px rgba(0,0,0,0.05), 10px 0 20px rgba(0,0,0,0.05);\n  }\n  .carte-degradee {\n    background: linear-gradient(135deg, #007BFF, #28A745);\n    color: white;\n  }\n  .carte-degradee h2 {\n    color: white;\n  }\n\n  \/* Responsive *\/\n  @media (max-width: 900px) {\n    .carte {\n      flex: 0 1 calc(50% - 20px);\n    }\n  }\n  @media (max-width: 600px) {\n    .carte {\n      flex: 0 1 100%;\n    }\n  }\n<\/style>\n\n<div class=\"cartes-container\">\n  <div class=\"carte\">\n    <i class=\"fas fa-stethoscope\" style=\"font-size: 48px; margin-bottom: 20px;\"><\/i>\n    <h2>Diagnostic<\/h2>\n    <p><strong style=\"color: #5196D1\">Hydraulic audit<\/strong> : network performance assessment (efficiency, losses, pressures)<\/p>\n    <p><strong style=\"color: #5196D1\">Hydraulic sectorisation<\/strong> : definition of surveillance zones, choice of IoTs<\/p>\n    <p><strong style=\"color: #5196D1\">Modelling and simulations<\/strong>: pr\u00e9diction des comportements du r\u00e9seau en fonction des sc\u00e9narios<\/p>\n  <\/div>\n\n  <div class=\"carte\">\n    <i class=\"fas fa-chess\" style=\"font-size: 48px; margin-bottom: 20px;\"><\/i>\n    <h2>Strategy<\/h2>\n    <p><strong style=\"color: #5196D1\">Production<\/strong> : optimising energy costs.<\/p>\n    <p><strong style=\"color: #5196D1\">Transport and Storage<\/strong> : management of reservoirs, pressure balancing.<\/p>\n    <p><strong style=\"color: #5196D1\">Distribution<\/strong> : improving yields and reducing losses.<\/p>\n    <p><strong style=\"color: #5196D1\">Billing<\/strong> : d\u00e9tection des incoh\u00e9rences, analyse des comportements, lutte contre la fraude.<\/p>\n  <\/div>\n\n  <div class=\"carte\">\n    <i class=\"fas fa-handshake\" style=\"font-size: 48px; margin-bottom: 20px;\"><\/i>\n    <h2>Support<\/h2>\n    <p><strong style=\"color: #5196D1\">Master plans<\/strong> : Aligning digital tools with the company's objectives.<\/p>\n    <p><strong style=\"color: #5196D1\">Change management<\/strong> : mont\u00e9e en comp\u00e9tence des \u00e9quipes internes, accompagnement.<\/p>\n    <p><strong style=\"color: #5196D1\">Dashboards<\/strong> : performance indicators, alerts and automated reports for decision-makers.<\/p>\n  <\/div>\n\n  <div class=\"carte\">\n    <i class=\"fas fa-scale-balanced\" style=\"font-size: 48px; margin-bottom: 20px;\"><\/i>\n    <h2>Governance<\/h2>\n    <p><strong style=\"color: #5196D1\">Data centralisation<\/strong> : integration of data from sensors, SCADA, CMMS, GIS, etc.<\/p>\n    <p><strong style=\"color: #5196D1\">Data quality<\/strong> : cleaning, structuring and validating data to guarantee its reliability.<\/p>\n    <p><strong style=\"color: #5196D1\">Completude<\/strong> : data completion rate and usability.<\/p>\n  <\/div>\n\n  <div class=\"carte\">\n    <i class=\"fas fa-network-wired\" style=\"font-size: 48px; margin-bottom: 20px;\"><\/i>\n    <h2>Integration<\/h2>\n    <p><strong style=\"color: #5196D1\">Interop\u00e9rabilit\u00e9 des syst\u00e8mes<\/strong> : int\u00e9gration fluide entre logiciels m\u00e9tiers, capteurs IoT, &#8230;<\/p>\n    <p><strong style=\"color: #5196D1\">Customisation<\/strong> : adaptation aux processus et r\u00e8gles de gestion de l&rsquo;entreprise.<\/p>\n    <p><strong style=\"color: #5196D1\">Expertise IT<\/strong> : network mapping, satellite imagery, flows, automation of integration processes, etc.<\/p>\n  <\/div>\n\n  <div class=\"carte carte-degradee\">\n    <i class=\"fas fa-user-tie\" style=\"font-size: 48px; margin-bottom: 20px;\"><\/i>\n    <h2>Working together to create value at every stage of your project<\/h2>\n  <\/div>\n<\/div>\n\n<\/div>\n<\/div>\n\n\n\n<div class=\"wp-block-columns is-layout-flex wp-container-core-columns-is-layout-9d6595d7 wp-block-columns-is-layout-flex\">\n<div class=\"wp-block-column is-layout-flow wp-block-column-is-layout-flow\">\n<br>\n<div style=\"margin: 1em 0;\">\n  <h4 style=\"border-left: 6px solid #5196D1; padding-left: 10px; margin-bottom: 0.5em; color: #5196D1\">\n    Developing sustainable income\n  <\/h4>\n  <h2 id=\"srw360\">\nSRW360\u00b0 - Water intelligence \n  <\/h2>\n<p class=\"translation-block\">Our <strong style=\"color: #5196D1\">SRW 360\u00b0<\/strong> approach provides a practical response to the three challenges of<strong style=\"color: #5196D1\">Fraud, Leakage and Finance (3F)<\/strong>. Thanks to <strong style=\"color: #5196D1\">powerful technological tools<\/strong> and <strong style=\"color: #5196D1\">the support of sector experts<\/strong>, we detect consumption anomalies, spot leaks and guide the most appropriate investments.<\/p>\n<p>\n<strong style=\"color: #5196D1\">The objective<\/strong>\n<br>\nReduce costs, improve customer satisfaction and preserve resources in the long term. \n<\/p>\n<p>\nYou'll have agile management of your activities, supported by an artificial intelligence platform that's both predictive and proactive.\n<\/p>\n<p>\n<strong style=\"color: #5196D1\">With SRW 360\u00b0, your water management becomes safer and more profitable.<\/strong>\n<\/p>\n<\/div>\n<\/div>\n\n\n\n<div class=\"wp-block-column is-layout-flow wp-block-column-is-layout-flow\">\n<div style=\"flex: 1; display: flex; justify-content: center; align-items: center;padding-top:0px;\">\n    <img decoding=\"async\" src=\"\/wp-content\/uploads\/2025\/07\/srw360-AI.png\" alt=\"Image centr\u00e9e\" style=\"max-width: 80%; height: auto;\">\n  <\/div>\n<\/div>\n<\/div>\n\n\n\n<div class=\"wp-block-columns is-layout-flex wp-container-core-columns-is-layout-9d6595d7 wp-block-columns-is-layout-flex\">\n<div class=\"wp-block-column is-layout-flow wp-block-column-is-layout-flow\">\n<br>\n<br>\n<div style=\"flex: 1; display: flex; justify-content: center; align-items: center;padding-top:0px;\">\n    <img decoding=\"async\" src=\"\/wp-content\/uploads\/2025\/07\/nrw.png\" alt=\"Image centr\u00e9e\" style=\"max-width: 100%; height: auto;\">\n  <\/div>\n<\/div>\n\n\n\n<div class=\"wp-block-column is-layout-flow wp-block-column-is-layout-flow\">\n<div style=\"margin: 1em 0;\">\n  <h4 style=\"border-left: 6px solid #5196D1; padding-left: 10px; margin-bottom: 0.5em; color: #5196D1\">\n    Reduce unbilled water\n  <\/h4>\n  <h2 id=\"nrw\">\nNRW &#8211; IA au service de l&rsquo;eau \n  <\/h2>\n<p>\nLes strat\u00e9gies de NRW couvrent trois priorit\u00e9s fondamentales\u202f(3F) : \n<\/p>\n<p class=\"translation-block\"><strong style=\"color: #5196D1\">Fraud<\/strong> has a direct impact on revenue, diverting consumption and undermining the relationship of trust with users.<\/p>\n<p class=\"translation-block\"><strong style=\"color: #5196D1\">Leaks<\/strong>, which are often invisible, have a heavy impact on distribution and threaten overall profitability, while at the same time harming the conservation of the resource.<\/p>\n<p class=\"translation-block\"><strong style=\"color: #5196D1\">Financial<\/strong> issues include controlling operating costs, ensuring <strong style=\"color: #5196D1\">the profitability of investments<\/strong> and the strategic management of water revenues.<\/p>\n<\/div>\n<\/div>\n<\/div>\n\n\n\n<div class=\"wp-block-columns is-layout-flex wp-container-core-columns-is-layout-9d6595d7 wp-block-columns-is-layout-flex\">\n<div class=\"wp-block-column is-layout-flow wp-block-column-is-layout-flow\"><\/div>\n<\/div>\n\n\n\n<div class=\"wp-block-columns is-layout-flex wp-container-core-columns-is-layout-9d6595d7 wp-block-columns-is-layout-flex\">\n<div class=\"wp-block-column is-layout-flow wp-block-column-is-layout-flow\">\n<div style=\"margin: 1em 0;\"> \n <h4 style=\"border-left: 6px solid #5196D1; padding-left: 10px; margin-bottom: 0.5em; color: #5196D1\">\n    Innovation and territories\n  <\/h4>\n  <h2 id=\"smart\">\nSmart Territories \n  <\/h2>\n<img decoding=\"async\" src=\"\/wp-content\/uploads\/2025\/07\/smaret-territoire-scaled.png\" alt=\"Image centr\u00e9e\" style=\"max-width: 100%; height: auto;\">\n<\/div>\n<\/div>\n<\/div>\n\n\n\n<div class=\"wp-block-columns is-layout-flex wp-container-core-columns-is-layout-9d6595d7 wp-block-columns-is-layout-flex\">\n<div class=\"wp-block-column is-layout-flow wp-block-column-is-layout-flow\">\n<div style=\"margin: 1em 0;\"> \n<p class=\"translation-block\"><strong style=\"color: #5196D1\">Smart Territoire means<\/strong> bringing together the innovation strategies of cities and regions in a unifying project, based on new technologies and a colossal mass of information to offer better services to citizens.<\/p>\n<p>\n<strong style=\"color: #5196D1\">Afin de r\u00e9soudre&#8230;<\/strong> des d\u00e9fis immenses pour les collectivit\u00e9s :\n<ul>\n<li>Defining and implementing complex infrastructures<\/li>\n<li>Rethinking information and flow management<\/li>\n<li>Redeveloping the area (fibre, street furniture, water and energy networks, etc.)<\/li>\n<li>Rethinking the governance model from time to time<\/li>\n<li>&#8230;<\/li>\n<\/ul>\n\n<\/p>\n<\/div>\n<\/div>\n\n\n\n<div class=\"wp-block-column is-layout-flow wp-block-column-is-layout-flow\">\n<div style=\"margin: 1em 0;\"> \n<p>\n<strong style=\"color: #5196D1\">The main objectives<\/strong> :\n<\/p>\n<p>\n<strong>Setting a course<\/strong> - Take account of the players involved, the specific nature of the area and its needs (social, ecological, tourist, sporting, technological, etc.), define a project and be able to measure its progress and the achievement of its objectives.\n<\/p>\n<p>\n<strong>Collect, centralise and manage data<\/strong> -\nAggregate and bring to life heterogeneous data of different granularities, sources and volumes (management, technical, legal, financial, IoT, opensource, etc.) within a central repository or platform.\n<\/p>\n<p>\n<strong>Aggregate, Correlate, Share<\/strong> -\nDefining a common standard for information processing and interoperability, enhancing it and giving it greater impact in analysis and decision-making.\n<\/p>\n<p>\n<strong>Operating and supervising the territory<\/strong>-\nVisualise all the territory's assets within a single interface, encapsulate supervision tools.\n<\/p>\n<p>\n<strong>Act remotely on infrastructures and organisations<\/strong> -\nBe able to manage, define and implement scenarios and rules to facilitate decision-making and team coordination.\n<\/p>\n<\/div>\n<\/div>\n<\/div>","protected":false},"excerpt":{"rendered":"<p>Conseil Un accompagnement personnalis\u00e9 Nos experts &#8211; internes et partenaires &#8211; sont mobilis\u00e9s pour vous offrir une gamme compl\u00e8te de services de conseil dans le&hellip;<\/p>","protected":false},"author":1,"featured_media":0,"parent":0,"menu_order":0,"comment_status":"closed","ping_status":"closed","template":"","meta":{"footnotes":""},"class_list":["post-2","page","type-page","status-publish","hentry"],"_links":{"self":[{"href":"https:\/\/hydriia.com\/en\/wp-json\/wp\/v2\/pages\/2","targetHints":{"allow":["GET"]}}],"collection":[{"href":"https:\/\/hydriia.com\/en\/wp-json\/wp\/v2\/pages"}],"about":[{"href":"https:\/\/hydriia.com\/en\/wp-json\/wp\/v2\/types\/page"}],"author":[{"embeddable":true,"href":"https:\/\/hydriia.com\/en\/wp-json\/wp\/v2\/users\/1"}],"replies":[{"embeddable":true,"href":"https:\/\/hydriia.com\/en\/wp-json\/wp\/v2\/comments?post=2"}],"version-history":[{"count":0,"href":"https:\/\/hydriia.com\/en\/wp-json\/wp\/v2\/pages\/2\/revisions"}],"wp:attachment":[{"href":"https:\/\/hydriia.com\/en\/wp-json\/wp\/v2\/media?parent=2"}],"curies":[{"name":"wp","href":"https:\/\/api.w.org\/{rel}","templated":true}]}}