{"id":9,"date":"2025-07-15T14:18:04","date_gmt":"2025-07-15T12:18:04","guid":{"rendered":"http:\/\/hydriia.test\/?page_id=9"},"modified":"2025-08-01T14:21:15","modified_gmt":"2025-08-01T12:21:15","slug":"qui-somme-nous","status":"publish","type":"page","link":"https:\/\/hydriia.com\/en\/qui-somme-nous\/","title":{"rendered":"Who we are"},"content":{"rendered":"<div class=\"wp-block-columns is-layout-flex wp-container-core-columns-is-layout-9d6595d7 wp-block-columns-is-layout-flex\">\n<div class=\"wp-block-column is-layout-flow wp-block-column-is-layout-flow\">\n<div style=\"margin: 1em 0;\">\n  <h4 style=\"border-left: 6px solid #5196D1; padding-left: 10px; margin-bottom: 0.5em; color: #5196D1\">\n    Discover Hydriia\n  <\/h4>\n  <h2 id=\"decouverte\">\nAbout us\n  <\/h2>\n<p>\nHydriia est un \u00e9diteur de logiciels \u00e0 impact environnemental, sp\u00e9cialis\u00e9 dans la r\u00e9duction des eaux non factur\u00e9es (non-revenue water) gr\u00e2ce \u00e0 l\u2019intelligence artificielle. Nous accompagnons les op\u00e9rateurs d\u2019eau dans leurs enjeux de r\u00e9silience face au changement climatique, au stress hydrique et \u00e0 la performance \u00e9conomique. Notre suite logicielle SRW360, modulaire et interop\u00e9rable, s\u2019int\u00e8gre aux syst\u00e8mes existants pour optimiser la gestion de l\u2019eau : d\u00e9tection des fuites, am\u00e9lioration de la facturation, r\u00e9duction des pertes et conformit\u00e9 ESG. En combinant IA, expertise m\u00e9tier et accompagnement terrain, Hydria se positionne comme une interface intelligente entre les donn\u00e9es, les outils et les d\u00e9fis de demain \u2014 une nouvelle forme de sagesse hydraulique au service des territoires.\n<\/p>\n<\/div>\n<\/div>\n\n\n\n<div class=\"wp-block-column is-layout-flow wp-block-column-is-layout-flow\">\n<div style=\"flex: 1; display: flex; justify-content: center; align-items: center;padding-top:150px;\">\n    <img decoding=\"async\" src=\"\/wp-content\/uploads\/2025\/07\/goutte_90.png\" alt=\"Image centr\u00e9e\" style=\"max-width: 100%; height: auto;\">\n  <\/div>\n<\/div>\n<\/div>\n\n\n\n<div class=\"wp-block-columns is-layout-flex wp-container-core-columns-is-layout-9d6595d7 wp-block-columns-is-layout-flex\">\n<div class=\"wp-block-column is-layout-flow wp-block-column-is-layout-flow\">\n<div style=\"flex: 1; display: flex; justify-content: center; align-items: center;padding-top:0px;\">\n    <img decoding=\"async\" src=\"\/wp-content\/uploads\/2025\/07\/goutte_valeurs.png\" alt=\"Image centr\u00e9e\" style=\"max-width: 40%; height: auto;\">\n  <\/div>\n<\/div>\n\n\n\n<div class=\"wp-block-column is-layout-flow wp-block-column-is-layout-flow\">\n<div style=\"margin: 1em 0;\">\n  <h4 style=\"border-left: 6px solid #5196D1; padding-left: 10px; margin-bottom: 0.5em; color: #5196D1\">\n    Why work with us?\n  <\/h4>\n  <h2 id=\"valeurs\">\nOur values\n  <\/h2>\n<p class=\"translation-block\">At Hydriia, we are convinced that combining business knowledge with human and technological intelligence is the key to a better future. \n<br><br>\nThat's why we place <strong style=\"color: #5196D1\">audacity<\/strong>, <strong style=\"color: #5196D1\">benevolence<\/strong>, <strong style=\"color: #5196D1\">excellence<\/strong> and <strong style=\"color: #5196D1\">innovation<\/strong> at the heart of our approach, to support our customers in their digital and societal transformation. \n<br><br>\nAugmented transformation: our vision of the future<\/p>\n<\/div>\n<\/div>\n<\/div>\n\n\n\n<div class=\"wp-block-columns is-layout-flex wp-container-core-columns-is-layout-9d6595d7 wp-block-columns-is-layout-flex\">\n<div class=\"wp-block-column is-layout-flow wp-block-column-is-layout-flow\">\n<h4 style=\"border-left: 6px solid #5196D1; padding-left: 10px; margin-bottom: 0.5em; color: #5196D1\">\n    our objective?\n  <\/h4>\n  <h2>\nEnsuring your success\n  <\/h2>\n<p>\n<table style=\"width: 100%; border-collapse: collapse;\">\n  <tr>\n    <td style=\"vertical-align: middle; padding: 10px;\">\n      <img decoding=\"async\" src=\"\/wp-content\/uploads\/2025\/07\/expertise_1.png\" alt=\"Image\" style=\"max-width: 50px; height: auto;\">\n    <\/td>\n    <td style=\"vertical-align: middle; padding: 10px;\">\n      <p style=\"margin: 0;\"><strong style=\"color:#5196D1\">Multidisciplinary approach<\/strong>responsive, multidisciplinary teams of experts to cover the full spectrum of assignments\".<\/p>\n    <\/td>\n  <\/tr>\n  <tr>\n    <td style=\"vertical-align: middle; padding: 10px;\">\n      <img decoding=\"async\" src=\"\/wp-content\/uploads\/2025\/07\/expertise_2.png\" alt=\"Image\" style=\"max-width: 50px; height: auto;\">\n    <\/td>\n    <td style=\"vertical-align: middle; padding: 10px;\">\n      <p style=\"margin: 0;\" class=\"translation-block\"><strong style=\"color:#5196D1\">Local and international projects<\/strong>: Hydriia relies on a national network and international coverage in several activities \"<\/p>\n    <\/td>\n  <\/tr>\n  <tr>\n    <td style=\"vertical-align: middle; padding: 10px;\">\n      <img decoding=\"async\" src=\"\/wp-content\/uploads\/2025\/07\/expertise_3.png\" alt=\"Image\" style=\"max-width: 50px; height: auto;\">\n    <\/td>\n    <td style=\"vertical-align: middle; padding: 10px;\">\n      <p style=\"margin: 0;\" class=\"translation-block\"><strong style=\"color:#5196D1\">An Agile and Creative company<\/strong>: responsive, multidisciplinary teams of experts to cover the spectrum of assignments \"<\/p>\n    <\/td>\n  <\/tr>  \n  <tr>\n    <td style=\"vertical-align: middle; padding: 10px;\">\n      <img decoding=\"async\" src=\"\/wp-content\/uploads\/2025\/07\/expertise_4.png\" alt=\"Image\" style=\"max-width: 50px; height: auto;\">\n    <\/td>\n    <td style=\"vertical-align: middle; padding: 10px;\">\n      <p style=\"margin: 0;\" class=\"translation-block\"><strong style=\"color:#5196D1\">Supporting projects<\/strong>: High-level involvement (partners, managers) in the operational phase and in the monitoring and management of projects.\n\"<\/p>\n    <\/td>\n  <\/tr>\n  <tr>\n    <td style=\"vertical-align: middle; padding: 10px;\">\n      <img decoding=\"async\" src=\"\/wp-content\/uploads\/2025\/07\/expertise_5.png\" alt=\"Image\" style=\"max-width: 50px; height: auto;\">\n    <\/td>\n    <td style=\"vertical-align: middle; padding: 10px;\">\n      <p style=\"margin: 0;\" class=\"translation-block\"><strong style=\"color:#5196D1\">Sector expertise<\/strong>: An approach based on sharing experience and collaboration enables our teams to develop an effective and efficient sector approach.\n\"<\/p>\n    <\/td>\n  <\/tr>\n<\/table>\n<\/p>\n<\/div>\n\n\n\n<div class=\"wp-block-column is-layout-flow wp-block-column-is-layout-flow\">\n<div style=\"flex: 1; display: flex; justify-content: center; align-items: center;padding-top:100px;\">\n    <img decoding=\"async\" src=\"\/wp-content\/uploads\/2025\/07\/expertise_0.png\" alt=\"Image centr\u00e9e\" style=\"max-width: 80%; height: auto;\">\n  <\/div>\n<\/div>\n<\/div>\n\n\n\n<div class=\"wp-block-columns is-layout-flex wp-container-core-columns-is-layout-9d6595d7 wp-block-columns-is-layout-flex\">\n<div class=\"wp-block-column is-layout-flow wp-block-column-is-layout-flow\">\n<h4 style=\"border-left: 6px solid #5196D1; padding-left: 10px; margin-bottom: 0.5em; color: #5196D1\">\n    25+ years' experience\n  <\/h4>\n  <h2 id=\"expertise\">\nWater, Software publishing \n  <\/h2>\n\n\n\n\n    <!-- Conteneur Flex -->\n    <div style=\"display: flex; flex-wrap: wrap; justify-content: center; gap: 10px; padding: 10px;\">\n\n        <!-- Bloc r\u00e9p\u00e9t\u00e9 5 fois -->\n        <div style=\"width: 200px; border: 1px solid #ccc; box-shadow: 2px 2px 5px rgba(0,0,0,0.1);\">\n            <div style=\"background-color: #272D65; padding: 1px; text-align: center; color: white;\">\n                <h4 style=\"color:white\">Assets<\/h4>\n            <\/div>\n            <div style=\"text-align: center; margin-top: 0px;\">\n                <img decoding=\"async\" src=\"\/wp-content\/uploads\/2025\/07\/metier_1.png\" alt=\"Image centr\u00e9e\" style=\"max-width: 100%; height: auto;\">\n            <\/div>\n            <div style=\"margin: 5px; padding: 10px;font-size: 12px\">\n                <p>\n                    Definition of descriptive models for all network assets. Nodal management integrating the concepts of sectorisation, delivery points, delivery points, etc. and associated GIS.\n                <\/p>\n            <\/div>\n        <\/div>\n\n        <!-- R\u00e9p\u00e9ter le bloc ci-dessus 4 fois -->\n        <!-- Bloc 2 -->\n        <div style=\"width: 200px; border: 1px solid #ccc; box-shadow: 2px 2px 5px rgba(0,0,0,0.1);\">\n            <div style=\"background-color: #272D65; color: white; padding: 1px; text-align: center;\">\n                <h4 style=\"color:white\">Modelling<\/h4>\n            <\/div>\n            <div style=\"text-align: center; margin-top: 0px;\">\n                <img decoding=\"async\" src=\"\/wp-content\/uploads\/2025\/07\/metier_2.png\" alt=\"Image centr\u00e9e\" style=\"max-width: 100%; height: auto;\">\n            <\/div>\n            <div style=\"margin: 15px; padding: 10px;font-size: 12px\">\n                <p>\n                    Participation in the design of the Piccolo modelling software. Use of software solutions such as EPANET, Porteau, etc.\n                <\/p>\n            <\/div>\n        <\/div>\n\n        <!-- Bloc 3 -->\n        <div style=\"width: 200px; border: 1px solid #ccc; box-shadow: 2px 2px 5px rgba(0,0,0,0.1);\">\n            <div style=\"background-color: #272D65; color: white; padding: 1px; text-align: center;\">\n                <h4 style=\"color:white\">Maintenance<\/h4>\n            <\/div>\n            <div style=\"text-align: center; margin-top: 0px;\">\n                <img decoding=\"async\" src=\"\/wp-content\/uploads\/2025\/07\/metier_3.png\" alt=\"Image centr\u00e9e\" style=\"max-width: 100%; height: auto;\">\n            <\/div>\n            <div style=\"margin: 5px; padding: 10px;font-size: 12px\">\n                <p>\n                    Definition and implementation of corrective and preventive maintenance solutions (maintenance schedules, statutory inspections, etc.)  \n                <\/p>\n            <\/div>\n        <\/div>\n\n        <!-- Bloc 4 -->\n        <div style=\"width: 200px; border: 1px solid #ccc; box-shadow: 2px 2px 5px rgba(0,0,0,0.1);\">\n            <div style=\"background-color: #272D65; color: white; padding: 1px; text-align: center;\">\n                <h4 style=\"color:white\">Interventions<\/h4>\n            <\/div>\n            <div style=\"text-align: center; margin-top: 0px;\">\n                <img decoding=\"async\" src=\"\/wp-content\/uploads\/2025\/07\/metier_4.png\" alt=\"Image centr\u00e9e\" style=\"max-width: 100%; height: auto;\">\n            <\/div>\n            <div style=\"margin: 5px; padding: 10px;font-size: 12px\">\n                <p>\n                    Scheduling, planning of interventions. Providing mobile solutions, visit reports, updating assets, etc.\n                <\/p>\n            <\/div>\n        <\/div>\n\n        <!-- Bloc 5 -->\n        <div style=\"width: 200px; border: 1px solid #ccc; box-shadow: 2px 2px 5px rgba(0,0,0,0.1);\">\n            <div style=\"background-color: #272D65; color: white; padding: 1px; text-align: center;\">\n                <h4 style=\"color:white\">Billing<\/h4>\n            <\/div>\n            <div style=\"text-align: center; margin-top: 0px;\">\n                <img decoding=\"async\" src=\"\/wp-content\/uploads\/2025\/07\/metier_5.png\" alt=\"Image centr\u00e9e\" style=\"max-width: 100%; height: auto;\">\n            <\/div>\n            <div style=\"margin: 5px; padding: 10px;font-size: 12px\">\n                <p>\n                    Production of multi-currency billing software incorporating advanced business workflows, management of collections, management of meter reading rounds and recovery of consumption indexes, etc.\n                <\/p>\n            <\/div>\n        <\/div>\n\n    <\/div>\n<\/div>\n<\/div>\n\n\n\n<div class=\"wp-block-columns is-layout-flex wp-container-core-columns-is-layout-9d6595d7 wp-block-columns-is-layout-flex\">\n<div class=\"wp-block-column is-layout-flow wp-block-column-is-layout-flow\">\n<div style=\"flex: 1; display: flex; justify-content: center; align-items: center;padding-top:0px;\">\n    <img decoding=\"async\" src=\"\/wp-content\/uploads\/2025\/07\/water_team.png\" alt=\"Image centr\u00e9e\" style=\"max-width: 80%; height: auto;\">\n  <\/div>\n<\/div>\n\n\n\n<div class=\"wp-block-column is-layout-flow wp-block-column-is-layout-flow\">\n<br>\n<div style=\"margin: 1em 0;\">\n  <h4 style=\"border-left: 6px solid #5196D1; padding-left: 10px; margin-bottom: 0.5em; color: #5196D1\">\n    A passionate team\n  <\/h4>\n  <h2 id=\"collabs\">\nCollaborators, a goal\n  <\/h2>\n<p class=\"translation-block\">Our teams are made up of passionate people who make pragmatic use of AI, while combining business and technological expertise on a daily basis.\n<br><br>\nLead tech, Data Analyst, Developer, GIS Expert or Project Manager... We are all driven by one and the same objective: <strong>to satisfy you and support the structural changes in the water sector.<\/strong><\/p>\n<\/div>\n<\/div>\n<\/div>","protected":false},"excerpt":{"rendered":"<p>D\u00e9couvrir Hydriia A notre sujet Hydriia est un \u00e9diteur de logiciels \u00e0 impact environnemental, sp\u00e9cialis\u00e9 dans la r\u00e9duction des eaux non factur\u00e9es (non-revenue water) gr\u00e2ce&hellip;<\/p>","protected":false},"author":1,"featured_media":0,"parent":0,"menu_order":0,"comment_status":"closed","ping_status":"closed","template":"","meta":{"footnotes":""},"class_list":["post-9","page","type-page","status-publish","hentry"],"_links":{"self":[{"href":"https:\/\/hydriia.com\/en\/wp-json\/wp\/v2\/pages\/9","targetHints":{"allow":["GET"]}}],"collection":[{"href":"https:\/\/hydriia.com\/en\/wp-json\/wp\/v2\/pages"}],"about":[{"href":"https:\/\/hydriia.com\/en\/wp-json\/wp\/v2\/types\/page"}],"author":[{"embeddable":true,"href":"https:\/\/hydriia.com\/en\/wp-json\/wp\/v2\/users\/1"}],"replies":[{"embeddable":true,"href":"https:\/\/hydriia.com\/en\/wp-json\/wp\/v2\/comments?post=9"}],"version-history":[{"count":0,"href":"https:\/\/hydriia.com\/en\/wp-json\/wp\/v2\/pages\/9\/revisions"}],"wp:attachment":[{"href":"https:\/\/hydriia.com\/en\/wp-json\/wp\/v2\/media?parent=9"}],"curies":[{"name":"wp","href":"https:\/\/api.w.org\/{rel}","templated":true}]}}